{"id":42,"date":"2023-02-03T17:11:42","date_gmt":"2023-02-03T22:11:42","guid":{"rendered":"https:\/\/www.helphopehere.com\/revive\/?page_id=42"},"modified":"2026-04-28T19:01:13","modified_gmt":"2026-04-28T23:01:13","slug":"inscripcion","status":"publish","type":"page","link":"https:\/\/www.helphopehere.com\/revive\/raleigh\/inscripcion\/","title":{"rendered":"Inscripci\u00f3n"},"content":{"rendered":"<p><!--La inscripci\u00f3n comenzar\u00e1 pronto. Por favor regrese en un par de d\u00edas para registrarse | Reg\u00edstrese para asistir y reciba un regalo GRATIS.\nCada ADULTO debe registrarse individualmente. (Los ni\u00f1os menores de 3 a\u00f1os no necesitan registrarse).\n[contact-form-7 id=\"4\" title=\"Registration\"] | -->La pre-registraci\u00f3n por este medio ya est\u00e1 cerrada. La buena noticia es que todav\u00eda estamos aceptando registraciones. Llegue temprano a Body of Christ Church, 4501 Spring Forest Rd, Raleigh, NC 27616 y lo registraremos para asistir. Las puertas abren a las 6:30pm. Nos vemos all\u00ed.<\/p>\n","protected":false},"excerpt":{"rendered":"<p>La pre-registraci\u00f3n por este medio ya est\u00e1 cerrada. La buena noticia es que todav\u00eda estamos aceptando registraciones. Llegue temprano a Body of Christ Church, 4501 Spring Forest Rd, Raleigh, NC 27616 y lo registraremos para asistir. Las puertas abren a las 6:30pm. Nos vemos all\u00ed.<\/p>\n","protected":false},"author":4,"featured_media":0,"parent":2,"menu_order":0,"comment_status":"closed","ping_status":"closed","template":"","meta":{"footnotes":""},"class_list":["post-42","page","type-page","status-publish"],"_links":{"self":[{"href":"https:\/\/www.helphopehere.com\/revive\/wp-json\/wp\/v2\/pages\/42","targetHints":{"allow":["GET"]}}],"collection":[{"href":"https:\/\/www.helphopehere.com\/revive\/wp-json\/wp\/v2\/pages"}],"about":[{"href":"https:\/\/www.helphopehere.com\/revive\/wp-json\/wp\/v2\/types\/page"}],"author":[{"embeddable":true,"href":"https:\/\/www.helphopehere.com\/revive\/wp-json\/wp\/v2\/users\/4"}],"replies":[{"embeddable":true,"href":"https:\/\/www.helphopehere.com\/revive\/wp-json\/wp\/v2\/comments?post=42"}],"version-history":[{"count":15,"href":"https:\/\/www.helphopehere.com\/revive\/wp-json\/wp\/v2\/pages\/42\/revisions"}],"predecessor-version":[{"id":407,"href":"https:\/\/www.helphopehere.com\/revive\/wp-json\/wp\/v2\/pages\/42\/revisions\/407"}],"up":[{"embeddable":true,"href":"https:\/\/www.helphopehere.com\/revive\/wp-json\/wp\/v2\/pages\/2"}],"wp:attachment":[{"href":"https:\/\/www.helphopehere.com\/revive\/wp-json\/wp\/v2\/media?parent=42"}],"curies":[{"name":"wp","href":"https:\/\/api.w.org\/{rel}","templated":true}]}}