{"id":32,"date":"2023-02-03T16:33:04","date_gmt":"2023-02-03T21:33:04","guid":{"rendered":"https:\/\/www.helphopehere.com\/revive\/?page_id=32"},"modified":"2026-03-18T19:12:26","modified_gmt":"2026-03-18T23:12:26","slug":"temas","status":"publish","type":"page","link":"https:\/\/www.helphopehere.com\/revive\/raleigh\/temas\/","title":{"rendered":"Temas"},"content":{"rendered":"<h3 style=\"margin-bottom: 1px; font-weight: 500;\">REVIVE TU ANIMO<\/h3>\n<p><em>Mi\u00e9rcoles, 29 de abril, 2026, 7:30PM<\/em><\/p>\n<h3 style=\"margin-bottom: 1px; font-weight: 500;\">REVIVE TUS SUE\u00d1OS<\/h3>\n<p><em>Jueves, 30 de abril, 2026, 7:30PM<\/em><\/p>\n<h3 style=\"margin-bottom: 1px; font-weight: 500;\">REVIVE TUS PLANES<\/h3>\n<p><em>Viernes, 1 de mayo, 2026, 7:30PM<\/em><\/p>\n<h3 style=\"margin-bottom: 1px; font-weight: 500;\">REVIVE TUS RELACIONES<\/h3>\n<p><em>S\u00e1bado, 2 de mayo, 2026, <strong>10:00AM<\/strong><\/em><\/p>\n<h3 style=\"margin-bottom: 1px; font-weight: 500;\">REVIVE TU PROP\u00d3SITO<\/h3>\n<p><em>S\u00e1bado, 2 de mayo, 2026, <strong>11:00AM<\/strong><\/em><\/p>\n","protected":false},"excerpt":{"rendered":"<p>REVIVE TU ANIMO Mi\u00e9rcoles, 29 de abril, 2026, 7:30PM REVIVE TUS SUE\u00d1OS Jueves, 30 de abril, 2026, 7:30PM REVIVE TUS PLANES Viernes, 1 de mayo, 2026, 7:30PM REVIVE TUS RELACIONES S\u00e1bado, 2 de mayo, 2026, 10:00AM REVIVE TU PROP\u00d3SITO S\u00e1bado, 2 de mayo, 2026, 11:00AM<\/p>\n","protected":false},"author":4,"featured_media":0,"parent":2,"menu_order":0,"comment_status":"closed","ping_status":"closed","template":"","meta":{"footnotes":""},"class_list":["post-32","page","type-page","status-publish"],"_links":{"self":[{"href":"https:\/\/www.helphopehere.com\/revive\/wp-json\/wp\/v2\/pages\/32","targetHints":{"allow":["GET"]}}],"collection":[{"href":"https:\/\/www.helphopehere.com\/revive\/wp-json\/wp\/v2\/pages"}],"about":[{"href":"https:\/\/www.helphopehere.com\/revive\/wp-json\/wp\/v2\/types\/page"}],"author":[{"embeddable":true,"href":"https:\/\/www.helphopehere.com\/revive\/wp-json\/wp\/v2\/users\/4"}],"replies":[{"embeddable":true,"href":"https:\/\/www.helphopehere.com\/revive\/wp-json\/wp\/v2\/comments?post=32"}],"version-history":[{"count":14,"href":"https:\/\/www.helphopehere.com\/revive\/wp-json\/wp\/v2\/pages\/32\/revisions"}],"predecessor-version":[{"id":392,"href":"https:\/\/www.helphopehere.com\/revive\/wp-json\/wp\/v2\/pages\/32\/revisions\/392"}],"up":[{"embeddable":true,"href":"https:\/\/www.helphopehere.com\/revive\/wp-json\/wp\/v2\/pages\/2"}],"wp:attachment":[{"href":"https:\/\/www.helphopehere.com\/revive\/wp-json\/wp\/v2\/media?parent=32"}],"curies":[{"name":"wp","href":"https:\/\/api.w.org\/{rel}","templated":true}]}}