{"id":28,"date":"2023-02-03T16:29:50","date_gmt":"2023-02-03T21:29:50","guid":{"rendered":"https:\/\/www.helphopehere.com\/revive\/?page_id=28"},"modified":"2026-03-08T21:17:27","modified_gmt":"2026-03-09T01:17:27","slug":"musicos","status":"publish","type":"page","link":"https:\/\/www.helphopehere.com\/revive\/raleigh\/biografia\/musicos\/","title":{"rendered":"M\u00fasicos"},"content":{"rendered":"<div class=\"FlexBoxContainer\" style=\"display: flex; -webkit-flex-wrap: wrap; \/* safari *\/ flex-wrap: wrap; height: auto; -webkit-justify-content: space-evenly; \/* safari *\/ justify-content: space-evenly;\">\n<div style=\"width: 300px; padding: 0 15px 30px; text-align:center;\"><img loading=\"lazy\" decoding=\"async\" class=\"alignnone size-medium wp-image-910\" src=\"https:\/\/www.helphopehere.com\/revive\/files\/2023\/02\/JamayraGarciaNunez.jpg\" alt=\"Jamayra N\u00fa\u00f1ez\" width=\"300\" height=\"225\" \/><strong>Jamayra N\u00fa\u00f1ez<\/strong><br \/>\n<i>Mi\u00e9rcoles y Jueves, 29 y 30 de abril<\/i><\/div>\n<div style=\"width: 300px; padding: 0 15px 30px; text-align:center;\"><img loading=\"lazy\" decoding=\"async\" class=\"alignnone size-medium wp-image-910\" src=\"https:\/\/www.helphopehere.com\/todostenemosvida\/files\/2021\/11\/LisbethMelgar.jpg\" alt=\"Lisbeth Melgar\" width=\"300\" height=\"225\" \/><strong>Lisbeth Melgar<\/strong><br \/>\n<i>Viernes y S\u00e1bado, 1 y 2 de mayo<\/i><\/div>\n<\/div>\n","protected":false},"excerpt":{"rendered":"<p>Jamayra N\u00fa\u00f1ez Mi\u00e9rcoles y Jueves, 29 y 30 de abril Lisbeth Melgar Viernes y S\u00e1bado, 1 y 2 de mayo<\/p>\n","protected":false},"author":4,"featured_media":0,"parent":21,"menu_order":0,"comment_status":"closed","ping_status":"closed","template":"","meta":{"footnotes":""},"class_list":["post-28","page","type-page","status-publish"],"_links":{"self":[{"href":"https:\/\/www.helphopehere.com\/revive\/wp-json\/wp\/v2\/pages\/28","targetHints":{"allow":["GET"]}}],"collection":[{"href":"https:\/\/www.helphopehere.com\/revive\/wp-json\/wp\/v2\/pages"}],"about":[{"href":"https:\/\/www.helphopehere.com\/revive\/wp-json\/wp\/v2\/types\/page"}],"author":[{"embeddable":true,"href":"https:\/\/www.helphopehere.com\/revive\/wp-json\/wp\/v2\/users\/4"}],"replies":[{"embeddable":true,"href":"https:\/\/www.helphopehere.com\/revive\/wp-json\/wp\/v2\/comments?post=28"}],"version-history":[{"count":11,"href":"https:\/\/www.helphopehere.com\/revive\/wp-json\/wp\/v2\/pages\/28\/revisions"}],"predecessor-version":[{"id":390,"href":"https:\/\/www.helphopehere.com\/revive\/wp-json\/wp\/v2\/pages\/28\/revisions\/390"}],"up":[{"embeddable":true,"href":"https:\/\/www.helphopehere.com\/revive\/wp-json\/wp\/v2\/pages\/21"}],"wp:attachment":[{"href":"https:\/\/www.helphopehere.com\/revive\/wp-json\/wp\/v2\/media?parent=28"}],"curies":[{"name":"wp","href":"https:\/\/api.w.org\/{rel}","templated":true}]}}