{"id":2,"date":"2023-02-03T18:28:05","date_gmt":"2023-02-03T23:28:05","guid":{"rendered":"https:\/\/www.helphopehere.com\/revive\/?page_id=2"},"modified":"2026-03-20T12:14:06","modified_gmt":"2026-03-20T16:14:06","slug":"raleigh","status":"publish","type":"page","link":"https:\/\/www.helphopehere.com\/revive\/","title":{"rendered":"Raleigh"},"content":{"rendered":"<div id=\"metaslider-id-92\" style=\"max-width: 1020px; margin: 0 auto;\" class=\"ml-slider-3-108-0 metaslider metaslider-flex metaslider-92 ml-slider ms-theme-default nav-hidden\" role=\"region\" aria-label=\"Spanish\" data-height=\"430\" data-width=\"1020\">\n    <div id=\"metaslider_container_92\">\n        <div id=\"metaslider_92\" class=\"flexslider\">\n            <ul class='slides'>\n                <li style=\"display: block; width: 100%;\" class=\"slide-96 ms-image \" aria-roledescription=\"slide\" data-date=\"2023-02-05 09:13:11\" data-filename=\"JamayraGarciaNunez_slider-1020x430.jpg\" data-slide-type=\"image\"><img loading=\"lazy\" decoding=\"async\" src=\"https:\/\/www.helphopehere.com\/revive\/files\/2023\/02\/JamayraGarciaNunez_slider-1020x430.jpg\" height=\"430\" width=\"1020\" alt=\"Musica por Jamayra N\u00fa\u00f1ez\" class=\"slider-92 slide-96 msDefaultImage\" title=\"Jamayra N\u00fa\u00f1ez\" \/><\/li>\n                <li style=\"display: none; width: 100%;\" class=\"slide-95 ms-image \" aria-roledescription=\"slide\" data-date=\"2023-02-05 09:13:11\" data-filename=\"LisbethMelgar_slider-1020x430.jpg\" data-slide-type=\"image\"><img loading=\"lazy\" decoding=\"async\" src=\"https:\/\/www.helphopehere.com\/revive\/files\/2023\/02\/LisbethMelgar_slider-1020x430.jpg\" height=\"430\" width=\"1020\" alt=\"Musica por Lisbeth Melgar\" class=\"slider-92 slide-95 msDefaultImage\" title=\"Lisbeth Melgar\" \/><\/li>\n                <li style=\"display: none; width: 100%;\" class=\"slide-93 ms-image \" aria-roledescription=\"slide\" data-date=\"2023-02-05 09:13:11\" data-filename=\"RogerHernandez_es_Slider2021-1020x430.jpg\" data-slide-type=\"image\"><img loading=\"lazy\" decoding=\"async\" src=\"https:\/\/www.helphopehere.com\/revive\/files\/2023\/02\/RogerHernandez_es_Slider2021-1020x430.jpg\" height=\"430\" width=\"1020\" alt=\"Presentado por Roger Hern\u00e1ndez\" class=\"slider-92 slide-93 msDefaultImage\" title=\"Roger Hern\u00e1ndez\" \/><\/li>\n            <\/ul>\n        <\/div>\n        \n    <\/div>\n<\/div>\n<div class=\"FlexBoxContainer\" style=\"display: flex; -webkit-flex-wrap: wrap; \/* safari *\/ flex-wrap: wrap; margin: 20px -10px 10px -10px; height: auto; -webkit-justify-content: center; \/* safari *\/ justify-content: center;\">\n<div class=\"HomeFlexItem\">\n<div style=\"text-align: center; color: #000;\">\n<h3 style=\"margin-bottom: 18px;\">\u00a1Entrada Gratis!<\/h3>\n<\/div>\n<p style=\"margin-bottom: 0.75em\">\u00danete a nosotros en persona o virtualmente<\/p>\n<div style=\"text-align: center;\"><a href=\"https:\/\/www.facebook.com\/IAHRNC\/\" target=\"_blank\" rel=\"noopener noreferrer\"><img loading=\"lazy\" decoding=\"async\" class=\"alignnone size-full wp-image-1813\" style=\"margin-right: 10px;\" src=\"https:\/\/www.helphopehere.com\/revive\/files\/2023\/02\/facebook_logo.png\" alt=\"\" width=\"25\" height=\"25\" \/><\/a><a href=\"https:\/\/www.youtube.com\/@iglesiaderaleighsda\/streams\" target=\"_blank\" rel=\"noopener noreferrer\"><img loading=\"lazy\" decoding=\"async\" class=\"alignnone size-medium wp-image-1815\" style=\"margin:10px 10px 0 0;\" src=\"https:\/\/www.helphopehere.com\/revive\/files\/2023\/02\/yt_icon_mono_light-300x212.png\" alt=\"\" width=\"35\" height=\"25\" \/><\/a><\/div>\n<p>Regalos especiales todas las noches.<\/p>\n<p style=\"margin: 0.75em 0\"><a href=\"https:\/\/www.helphopehere.com\/revive\/raleigh\/inscripcion\/\">Reserve sus asientos hoy<\/a><\/p>\n<\/div>\n<div class=\"HomeFlexItem\">\n<div style=\"text-align: center; color: #000;\">\n<h3 style=\"margin-bottom: 18px;\">Abril 29-May 2, 2026<\/h3>\n<\/div>\n<p>Puertas habren a las 6:30PM.<br \/>\nEl programa comienza a las 7:30PM.<br \/>\n<strong>May 2 el programa comienza a las 10AM y 11:00AM.<\/strong><\/p>\n<p><strong><a href=\"https:\/\/www.helphopehere.com\/revive\/raleigh\/lugar\/\">Body of Christ Church<\/a><\/strong><br \/>\n4501 Spring Forest Rd<br \/>\nRaleigh, NC 27616\n<\/div>\n<div class=\"HomeFlexItem\">\n<div style=\"text-align: center; color: #000;\">\n<h3 style=\"margin-bottom: 18px;\">Cuidado de ni\u00f1os gratis<\/h3>\n<\/div>\n<p>Programaci\u00f3n especial para los ni\u00f1os de las edades de 4-11 a\u00f1os<\/p>\n<\/div>\n<\/div>\n<p>Conversaciones pr\u00e1cticas, b\u00edblicas, sobre problemas comunes.<\/p>\n<p>Aprenda c\u00f3mo puede superar la ansiedad y ver no solo sus problemas, sino tambi\u00e9n sus posibilidades. <\/p>\n<p>Este seminario motivador se presentara en un atmo\u0301sfera relajada como un servicio comunitario para todos los que deseen asistir. Le invitamos a \u201cvenir tal como estas\u201d y disfrutar. Los esperamos! La inscripcio\u0301n es gratuita.<\/p>\n","protected":false},"excerpt":{"rendered":"<p>\u00a1Entrada Gratis! \u00danete a nosotros en persona o virtualmente Regalos especiales todas las noches. Reserve sus asientos hoy Abril 29-May 2, 2026 Puertas habren a las 6:30PM. El programa comienza a las 7:30PM. May 2 el programa comienza a las 10AM y 11:00AM. Body of Christ Church 4501 Spring Forest Rd Raleigh, NC 27616 Cuidado &#8230; <a title=\"Raleigh\" class=\"read-more\" href=\"https:\/\/www.helphopehere.com\/revive\/\" aria-label=\"Read more about Raleigh\">Read more<\/a><\/p>\n","protected":false},"author":6,"featured_media":0,"parent":0,"menu_order":0,"comment_status":"closed","ping_status":"closed","template":"","meta":{"footnotes":""},"class_list":["post-2","page","type-page","status-publish"],"_links":{"self":[{"href":"https:\/\/www.helphopehere.com\/revive\/wp-json\/wp\/v2\/pages\/2","targetHints":{"allow":["GET"]}}],"collection":[{"href":"https:\/\/www.helphopehere.com\/revive\/wp-json\/wp\/v2\/pages"}],"about":[{"href":"https:\/\/www.helphopehere.com\/revive\/wp-json\/wp\/v2\/types\/page"}],"author":[{"embeddable":true,"href":"https:\/\/www.helphopehere.com\/revive\/wp-json\/wp\/v2\/users\/6"}],"replies":[{"embeddable":true,"href":"https:\/\/www.helphopehere.com\/revive\/wp-json\/wp\/v2\/comments?post=2"}],"version-history":[{"count":20,"href":"https:\/\/www.helphopehere.com\/revive\/wp-json\/wp\/v2\/pages\/2\/revisions"}],"predecessor-version":[{"id":402,"href":"https:\/\/www.helphopehere.com\/revive\/wp-json\/wp\/v2\/pages\/2\/revisions\/402"}],"wp:attachment":[{"href":"https:\/\/www.helphopehere.com\/revive\/wp-json\/wp\/v2\/media?parent=2"}],"curies":[{"name":"wp","href":"https:\/\/api.w.org\/{rel}","templated":true}]}}